{"id":88,"date":"2024-05-31T07:44:45","date_gmt":"2024-05-31T07:44:45","guid":{"rendered":"https:\/\/manpowerassistance.ro\/?page_id=88"},"modified":"2024-06-02T18:43:29","modified_gmt":"2024-06-02T18:43:29","slug":"despre-noi","status":"publish","type":"page","link":"https:\/\/manpowerassistance.ro\/index.php\/despre-noi\/","title":{"rendered":"Despre noi"},"content":{"rendered":"\t\t<div data-elementor-type=\"wp-page\" data-elementor-id=\"88\" class=\"elementor elementor-88\">\n\t\t\t\t<div class=\"elementor-element elementor-element-50af6eec e-flex e-con-boxed e-con e-parent\" data-id=\"50af6eec\" data-element_type=\"container\">\n\t\t\t\t\t<div class=\"e-con-inner\">\n\t\t\t\t<div class=\"elementor-element elementor-element-ded8030 elementor-widget elementor-widget-image\" data-id=\"ded8030\" data-element_type=\"widget\" data-widget_type=\"image.default\">\n\t\t\t\t<div class=\"elementor-widget-container\">\n\t\t\t<style>\/*! elementor - v3.21.0 - 26-05-2024 *\/\n.elementor-widget-image{text-align:center}.elementor-widget-image a{display:inline-block}.elementor-widget-image a img[src$=\".svg\"]{width:48px}.elementor-widget-image img{vertical-align:middle;display:inline-block}<\/style>\t\t\t\t\t\t\t\t\t\t<img fetchpriority=\"high\" decoding=\"async\" width=\"626\" height=\"417\" src=\"https:\/\/manpowerassistance.ro\/wp-content\/uploads\/2024\/06\/construction-concept_1098-18271.png\" class=\"attachment-large size-large wp-image-255\" alt=\"\" srcset=\"https:\/\/manpowerassistance.ro\/wp-content\/uploads\/2024\/06\/construction-concept_1098-18271.png 626w, https:\/\/manpowerassistance.ro\/wp-content\/uploads\/2024\/06\/construction-concept_1098-18271-300x200.png 300w\" sizes=\"(max-width: 626px) 100vw, 626px\" \/>\t\t\t\t\t\t\t\t\t\t\t\t\t<\/div>\n\t\t\t\t<\/div>\n\t\t\t\t<div class=\"elementor-element elementor-element-ac73795 elementor-widget elementor-widget-text-editor\" data-id=\"ac73795\" data-element_type=\"widget\" data-widget_type=\"text-editor.default\">\n\t\t\t\t<div class=\"elementor-widget-container\">\n\t\t\t<style>\/*! elementor - v3.21.0 - 26-05-2024 *\/\n.elementor-widget-text-editor.elementor-drop-cap-view-stacked .elementor-drop-cap{background-color:#69727d;color:#fff}.elementor-widget-text-editor.elementor-drop-cap-view-framed .elementor-drop-cap{color:#69727d;border:3px solid;background-color:transparent}.elementor-widget-text-editor:not(.elementor-drop-cap-view-default) .elementor-drop-cap{margin-top:8px}.elementor-widget-text-editor:not(.elementor-drop-cap-view-default) .elementor-drop-cap-letter{width:1em;height:1em}.elementor-widget-text-editor .elementor-drop-cap{float:left;text-align:center;line-height:1;font-size:50px}.elementor-widget-text-editor .elementor-drop-cap-letter{display:inline-block}<\/style>\t\t\t\t<p><!-- wp:pagelayer\/pl_post_props {\"post_title\":\"Despre noi\",\"post_status\":\"publish\",\"post_date\":\"2024-05-31 07:44:45\",\"post_author\":\"1\",\"post_name\":\"despre-noi\",\"featured_image\":0,\"post_excerpt\":\"\",\"post_password\":\"\",\"comment_status\":\"\",\"ping_status\":\"\",\"post_sticky\":\"\",\"post_parent\":0,\"menu_order\":0,\"post_category\":\"\",\"post_tags\":\"\",\"pagelayer-id\":\"xew3055\"} \/--><br \/><span style=\"color: #008a00; font-family: 'Playfair Display Flex', Playfair-Display-Fallback, 'Noto Color Emoji', serif; font-size: 2rem; font-weight: bold; text-align: var(--text-align);\">Calitate, Eficien\u021b\u0103, Siguran\u021b\u0103!<\/span><\/p>\n<p style=\"padding-bottom: 1.25rem; color: #282828; font-family: Metropolis, Metropolis-Fallback, 'Noto Color Emoji', sans-serif; font-size: 17.2px; -webkit-tap-highlight-color: transparent !important;\">Infiintata in anul 2020, societatea Man Power Assistance a reusit sa isi construiasca un renume in sectorul de servicii industriale al economiei romanesti si nu numai, datorita increderii si profesionalismului intregii echipe, in abordarea si desfasurarea proiectelor. De-a lungul timpului, am desfasurat activitati in Germania, Finlanda, Polonia, Elvetia, Danemarca, Suedia, avand astfel posibilitatea largirii orizontului de cunostinte si acumularii de experienta.<\/p>\n<p style=\"padding-bottom: 1.25rem; color: #282828; font-family: Metropolis, Metropolis-Fallback, 'Noto Color Emoji', sans-serif; font-size: 17.2px; -webkit-tap-highlight-color: transparent !important;\">Activitatea de baza a societatii este executarea de lucrari mecanice in domeniul petrochimiei industriei lemnului, industriei alimentare, constructii industriale si civile, oferind pe aceasta baza o varietate de servicii industrial profesionale. Societatea noastra detine un numar aproximativ de 50 de angajati calificati, respectiv sudor argon, sudor electric, lacatus mecanic, lacatus tubulator. In urma auditului efectuat , societatea noastra a obtinut certificarile\u00a0<span style=\"font-weight: 600; -webkit-tap-highlight-color: transparent !important;\">ISO 9001, ISO 14001 \u0219i 45001**<\/span>.<\/p>\n<p style=\"color: #282828; font-family: Metropolis, Metropolis-Fallback, 'Noto Color Emoji', sans-serif; font-size: 17.2px; -webkit-tap-highlight-color: transparent !important;\">Inca de la inceput, am urmarit cu strictete respectarea unor parametri esentiali pentru desfasurarea activitatii, incepand de la securitatea muncii pana la calitatea executiei.<br style=\"-webkit-tap-highlight-color: transparent !important;\" \/>Indiferent de dimensiunea proiectului,\u00a0<span class=\"wsw-14\" style=\"color: #6fb26f; border-color: rgba(111, 178, 111, 0.5); -webkit-tap-highlight-color: transparent !important;\"><span style=\"font-weight: 600; -webkit-tap-highlight-color: transparent !important;\">Man Power Assistance s.r.l.<\/span><\/span>\u00a0\u00a0promite servicii de exceptie, bazate pe o experienta acumulata intr-o gama vasta de proiecte.<\/p>\n<p><!-- \/wp:pagelayer\/pl_text --><br \/><!-- \/wp:pagelayer\/pl_col --><br \/><!-- \/wp:pagelayer\/pl_row --><\/p>\t\t\t\t\t\t<\/div>\n\t\t\t\t<\/div>\n\t\t\t\t\t<\/div>\n\t\t\t\t<\/div>\n\t\t<div class=\"elementor-element elementor-element-5aee902 e-con-full e-flex e-con e-parent\" data-id=\"5aee902\" data-element_type=\"container\">\n\t\t<div class=\"elementor-element elementor-element-f1b1fba e-grid e-con-boxed e-con e-child\" data-id=\"f1b1fba\" data-element_type=\"container\">\n\t\t\t\t\t<div class=\"e-con-inner\">\n\t\t\t\t<div class=\"elementor-element elementor-element-91704e5 elementor-view-default elementor-position-top elementor-mobile-position-top elementor-widget elementor-widget-icon-box\" data-id=\"91704e5\" data-element_type=\"widget\" data-widget_type=\"icon-box.default\">\n\t\t\t\t<div class=\"elementor-widget-container\">\n\t\t\t<link rel=\"stylesheet\" href=\"https:\/\/manpowerassistance.ro\/wp-content\/plugins\/elementor\/assets\/css\/widget-icon-box.min.css\">\t\t<div class=\"elementor-icon-box-wrapper\">\n\n\t\t\t\t\t\t<div class=\"elementor-icon-box-icon\">\n\t\t\t\t<span  class=\"elementor-icon elementor-animation-\">\n\t\t\t\t<svg aria-hidden=\"true\" class=\"e-font-icon-svg e-fas-compress-arrows-alt\" viewBox=\"0 0 512 512\" xmlns=\"http:\/\/www.w3.org\/2000\/svg\"><path d=\"M200 288H88c-21.4 0-32.1 25.8-17 41l32.9 31-99.2 99.3c-6.2 6.2-6.2 16.4 0 22.6l25.4 25.4c6.2 6.2 16.4 6.2 22.6 0L152 408l31.1 33c15.1 15.1 40.9 4.4 40.9-17V312c0-13.3-10.7-24-24-24zm112-64h112c21.4 0 32.1-25.9 17-41l-33-31 99.3-99.3c6.2-6.2 6.2-16.4 0-22.6L481.9 4.7c-6.2-6.2-16.4-6.2-22.6 0L360 104l-31.1-33C313.8 55.9 288 66.6 288 88v112c0 13.3 10.7 24 24 24zm96 136l33-31.1c15.1-15.1 4.4-40.9-17-40.9H312c-13.3 0-24 10.7-24 24v112c0 21.4 25.9 32.1 41 17l31-32.9 99.3 99.3c6.2 6.2 16.4 6.2 22.6 0l25.4-25.4c6.2-6.2 6.2-16.4 0-22.6L408 360zM183 71.1L152 104 52.7 4.7c-6.2-6.2-16.4-6.2-22.6 0L4.7 30.1c-6.2 6.2-6.2 16.4 0 22.6L104 152l-33 31.1C55.9 198.2 66.6 224 88 224h112c13.3 0 24-10.7 24-24V88c0-21.3-25.9-32-41-16.9z\"><\/path><\/svg>\t\t\t\t<\/span>\n\t\t\t<\/div>\n\t\t\t\n\t\t\t\t\t\t<div class=\"elementor-icon-box-content\">\n\n\t\t\t\t\t\t\t\t\t<h3 class=\"elementor-icon-box-title\">\n\t\t\t\t\t\t<span  >\n\t\t\t\t\t\t\tRepara\u0163ii \u0219i \u00eentre\u0163inerea conductelor supraterane \u015fi subterane\t\t\t\t\t\t<\/span>\n\t\t\t\t\t<\/h3>\n\t\t\t\t\n\t\t\t\t\t\t\t\t\t<p class=\"elementor-icon-box-description\">\n\t\t\t\t\t\tNe desfasuram activitatea cu prioritate \u00een rafin\u0103riile Petrom, Lukoil, unde execut\u0103m lucr\u0103ri de \u00eentre\u0163inere \u015fi reparare a infrastructurii \u015fi men\u0163inerea \u00een condi\u0163ii optime de func\u0163ionare a tuturor utilajelor prezente.\t\t\t\t\t<\/p>\n\t\t\t\t\n\t\t\t<\/div>\n\t\t\t\n\t\t<\/div>\n\t\t\t\t<\/div>\n\t\t\t\t<\/div>\n\t\t\t\t<div class=\"elementor-element elementor-element-518dc56 elementor-view-default elementor-position-top elementor-mobile-position-top elementor-widget elementor-widget-icon-box\" data-id=\"518dc56\" data-element_type=\"widget\" data-widget_type=\"icon-box.default\">\n\t\t\t\t<div class=\"elementor-widget-container\">\n\t\t\t\t\t<div class=\"elementor-icon-box-wrapper\">\n\n\t\t\t\t\t\t<div class=\"elementor-icon-box-icon\">\n\t\t\t\t<span  class=\"elementor-icon elementor-animation-\">\n\t\t\t\t<svg aria-hidden=\"true\" class=\"e-font-icon-svg e-fas-drafting-compass\" viewBox=\"0 0 512 512\" xmlns=\"http:\/\/www.w3.org\/2000\/svg\"><path d=\"M457.01 344.42c-25.05 20.33-52.63 37.18-82.54 49.05l54.38 94.19 53.95 23.04c9.81 4.19 20.89-2.21 22.17-12.8l7.02-58.25-54.98-95.23zm42.49-94.56c4.86-7.67 1.89-17.99-6.05-22.39l-28.07-15.57c-7.48-4.15-16.61-1.46-21.26 5.72C403.01 281.15 332.25 320 256 320c-23.93 0-47.23-4.25-69.41-11.53l67.36-116.68c.7.02 1.34.21 2.04.21s1.35-.19 2.04-.21l51.09 88.5c31.23-8.96 59.56-25.75 82.61-48.92l-51.79-89.71C347.39 128.03 352 112.63 352 96c0-53.02-42.98-96-96-96s-96 42.98-96 96c0 16.63 4.61 32.03 12.05 45.66l-68.3 118.31c-12.55-11.61-23.96-24.59-33.68-39-4.79-7.1-13.97-9.62-21.38-5.33l-27.75 16.07c-7.85 4.54-10.63 14.9-5.64 22.47 15.57 23.64 34.69 44.21 55.98 62.02L0 439.66l7.02 58.25c1.28 10.59 12.36 16.99 22.17 12.8l53.95-23.04 70.8-122.63C186.13 377.28 220.62 384 256 384c99.05 0 190.88-51.01 243.5-134.14zM256 64c17.67 0 32 14.33 32 32s-14.33 32-32 32-32-14.33-32-32 14.33-32 32-32z\"><\/path><\/svg>\t\t\t\t<\/span>\n\t\t\t<\/div>\n\t\t\t\n\t\t\t\t\t\t<div class=\"elementor-icon-box-content\">\n\n\t\t\t\t\t\t\t\t\t<h3 class=\"elementor-icon-box-title\">\n\t\t\t\t\t\t<span  >\n\t\t\t\t\t\t\tExecutarea de schi\u0163e izometrice \u015fi eleborarea de proiecte de instalare sau reparare a conductelor\t\t\t\t\t\t<\/span>\n\t\t\t\t\t<\/h3>\n\t\t\t\t\n\t\t\t\t\t\t\t\t\t<p class=\"elementor-icon-box-description\">\n\t\t\t\t\t\tOferim servicii de consultan\u0163\u0103 \u015fi elaborare de proiecte pentru construire, mentenan\u0163\u0103 sau repararea liniilor de conducte din instala\u0163ii.\t\t\t\t\t<\/p>\n\t\t\t\t\n\t\t\t<\/div>\n\t\t\t\n\t\t<\/div>\n\t\t\t\t<\/div>\n\t\t\t\t<\/div>\n\t\t\t\t<div class=\"elementor-element elementor-element-9689075 elementor-view-default elementor-position-top elementor-mobile-position-top elementor-widget elementor-widget-icon-box\" data-id=\"9689075\" data-element_type=\"widget\" data-widget_type=\"icon-box.default\">\n\t\t\t\t<div class=\"elementor-widget-container\">\n\t\t\t\t\t<div class=\"elementor-icon-box-wrapper\">\n\n\t\t\t\t\t\t<div class=\"elementor-icon-box-icon\">\n\t\t\t\t<span  class=\"elementor-icon elementor-animation-\">\n\t\t\t\t<svg aria-hidden=\"true\" class=\"e-font-icon-svg e-fas-industry\" viewBox=\"0 0 512 512\" xmlns=\"http:\/\/www.w3.org\/2000\/svg\"><path d=\"M475.115 163.781L336 252.309v-68.28c0-18.916-20.931-30.399-36.885-20.248L160 252.309V56c0-13.255-10.745-24-24-24H24C10.745 32 0 42.745 0 56v400c0 13.255 10.745 24 24 24h464c13.255 0 24-10.745 24-24V184.029c0-18.917-20.931-30.399-36.885-20.248z\"><\/path><\/svg>\t\t\t\t<\/span>\n\t\t\t<\/div>\n\t\t\t\n\t\t\t\t\t\t<div class=\"elementor-icon-box-content\">\n\n\t\t\t\t\t\t\t\t\t<h3 class=\"elementor-icon-box-title\">\n\t\t\t\t\t\t<span  >\n\t\t\t\t\t\t\tExecutarea de confec\u021bii metalice\t\t\t\t\t\t<\/span>\n\t\t\t\t\t<\/h3>\n\t\t\t\t\n\t\t\t\t\t\t\t\t\t<p class=\"elementor-icon-box-description\">\n\t\t\t\t\t\tExecutam confectii metalice de diferite tipuri, dupa planul de lucru pe care clientul il pune la dispozitie.\t\t\t\t\t<\/p>\n\t\t\t\t\n\t\t\t<\/div>\n\t\t\t\n\t\t<\/div>\n\t\t\t\t<\/div>\n\t\t\t\t<\/div>\n\t\t\t\t\t<\/div>\n\t\t\t\t<\/div>\n\t\t\t\t<div class=\"elementor-element elementor-element-731e6f8 gallery-spacing-custom elementor-widget elementor-widget-image-gallery\" data-id=\"731e6f8\" data-element_type=\"widget\" data-widget_type=\"image-gallery.default\">\n\t\t\t\t<div class=\"elementor-widget-container\">\n\t\t\t<style>\/*! elementor - v3.21.0 - 26-05-2024 *\/\n.elementor-image-gallery .gallery-item{display:inline-block;text-align:center;vertical-align:top;width:100%;max-width:100%;margin:0 auto}.elementor-image-gallery .gallery-item img{margin:0 auto}.elementor-image-gallery .gallery-item .gallery-caption{margin:0}.elementor-image-gallery figure img{display:block}.elementor-image-gallery figure figcaption{width:100%}.gallery-spacing-custom .elementor-image-gallery .gallery-icon{padding:0}@media (min-width:768px){.elementor-image-gallery .gallery-columns-2 .gallery-item{max-width:50%}.elementor-image-gallery .gallery-columns-3 .gallery-item{max-width:33.33%}.elementor-image-gallery .gallery-columns-4 .gallery-item{max-width:25%}.elementor-image-gallery .gallery-columns-5 .gallery-item{max-width:20%}.elementor-image-gallery .gallery-columns-6 .gallery-item{max-width:16.666%}.elementor-image-gallery .gallery-columns-7 .gallery-item{max-width:14.28%}.elementor-image-gallery .gallery-columns-8 .gallery-item{max-width:12.5%}.elementor-image-gallery .gallery-columns-9 .gallery-item{max-width:11.11%}.elementor-image-gallery .gallery-columns-10 .gallery-item{max-width:10%}}@media (min-width:480px) and (max-width:767px){.elementor-image-gallery .gallery.gallery-columns-2 .gallery-item,.elementor-image-gallery .gallery.gallery-columns-3 .gallery-item,.elementor-image-gallery .gallery.gallery-columns-4 .gallery-item,.elementor-image-gallery .gallery.gallery-columns-5 .gallery-item,.elementor-image-gallery .gallery.gallery-columns-6 .gallery-item,.elementor-image-gallery .gallery.gallery-columns-7 .gallery-item,.elementor-image-gallery .gallery.gallery-columns-8 .gallery-item,.elementor-image-gallery .gallery.gallery-columns-9 .gallery-item,.elementor-image-gallery .gallery.gallery-columns-10 .gallery-item{max-width:50%}}@media (max-width:479px){.elementor-image-gallery .gallery.gallery-columns-2 .gallery-item,.elementor-image-gallery .gallery.gallery-columns-3 .gallery-item,.elementor-image-gallery .gallery.gallery-columns-4 .gallery-item,.elementor-image-gallery .gallery.gallery-columns-5 .gallery-item,.elementor-image-gallery .gallery.gallery-columns-6 .gallery-item,.elementor-image-gallery .gallery.gallery-columns-7 .gallery-item,.elementor-image-gallery .gallery.gallery-columns-8 .gallery-item,.elementor-image-gallery .gallery.gallery-columns-9 .gallery-item,.elementor-image-gallery .gallery.gallery-columns-10 .gallery-item{max-width:100%}}<\/style>\t\t<div class=\"elementor-image-gallery\">\n\t\t\t\n\t\t<style type=\"text\/css\">\n\t\t\t#gallery-1 {\n\t\t\t\tmargin: auto;\n\t\t\t}\n\t\t\t#gallery-1 .gallery-item {\n\t\t\t\tfloat: left;\n\t\t\t\tmargin-top: 10px;\n\t\t\t\ttext-align: center;\n\t\t\t\twidth: 33%;\n\t\t\t}\n\t\t\t#gallery-1 img {\n\t\t\t\tborder: 2px solid #cfcfcf;\n\t\t\t}\n\t\t\t#gallery-1 .gallery-caption {\n\t\t\t\tmargin-left: 0;\n\t\t\t}\n\t\t\t\/* see gallery_shortcode() in wp-includes\/media.php *\/\n\t\t<\/style>\n\t\t<div id='gallery-1' class='gallery galleryid-88 gallery-columns-3 gallery-size-full'><dl class='gallery-item'>\n\t\t\t<dt class='gallery-icon landscape'>\n\t\t\t\t<img decoding=\"async\" width=\"450\" height=\"338\" src=\"https:\/\/manpowerassistance.ro\/wp-content\/uploads\/2024\/06\/18.png\" class=\"attachment-full size-full\" alt=\"\" srcset=\"https:\/\/manpowerassistance.ro\/wp-content\/uploads\/2024\/06\/18.png 450w, https:\/\/manpowerassistance.ro\/wp-content\/uploads\/2024\/06\/18-300x225.png 300w\" sizes=\"(max-width: 450px) 100vw, 450px\" \/>\n\t\t\t<\/dt><\/dl><dl class='gallery-item'>\n\t\t\t<dt class='gallery-icon portrait'>\n\t\t\t\t<img decoding=\"async\" width=\"338\" height=\"450\" src=\"https:\/\/manpowerassistance.ro\/wp-content\/uploads\/2024\/06\/17.png\" class=\"attachment-full size-full\" alt=\"\" srcset=\"https:\/\/manpowerassistance.ro\/wp-content\/uploads\/2024\/06\/17.png 338w, https:\/\/manpowerassistance.ro\/wp-content\/uploads\/2024\/06\/17-225x300.png 225w\" sizes=\"(max-width: 338px) 100vw, 338px\" \/>\n\t\t\t<\/dt><\/dl><dl class='gallery-item'>\n\t\t\t<dt class='gallery-icon portrait'>\n\t\t\t\t<img loading=\"lazy\" decoding=\"async\" width=\"338\" height=\"450\" src=\"https:\/\/manpowerassistance.ro\/wp-content\/uploads\/2024\/06\/16.png\" class=\"attachment-full size-full\" alt=\"\" srcset=\"https:\/\/manpowerassistance.ro\/wp-content\/uploads\/2024\/06\/16.png 338w, https:\/\/manpowerassistance.ro\/wp-content\/uploads\/2024\/06\/16-225x300.png 225w\" sizes=\"(max-width: 338px) 100vw, 338px\" \/>\n\t\t\t<\/dt><\/dl><br style=\"clear: both\" \/><dl class='gallery-item'>\n\t\t\t<dt class='gallery-icon portrait'>\n\t\t\t\t<img loading=\"lazy\" decoding=\"async\" width=\"338\" height=\"450\" src=\"https:\/\/manpowerassistance.ro\/wp-content\/uploads\/2024\/06\/15.png\" class=\"attachment-full size-full\" alt=\"\" srcset=\"https:\/\/manpowerassistance.ro\/wp-content\/uploads\/2024\/06\/15.png 338w, https:\/\/manpowerassistance.ro\/wp-content\/uploads\/2024\/06\/15-225x300.png 225w\" sizes=\"(max-width: 338px) 100vw, 338px\" \/>\n\t\t\t<\/dt><\/dl><dl class='gallery-item'>\n\t\t\t<dt class='gallery-icon portrait'>\n\t\t\t\t<img loading=\"lazy\" decoding=\"async\" width=\"338\" height=\"450\" src=\"https:\/\/manpowerassistance.ro\/wp-content\/uploads\/2024\/06\/14.png\" class=\"attachment-full size-full\" alt=\"\" srcset=\"https:\/\/manpowerassistance.ro\/wp-content\/uploads\/2024\/06\/14.png 338w, https:\/\/manpowerassistance.ro\/wp-content\/uploads\/2024\/06\/14-225x300.png 225w\" sizes=\"(max-width: 338px) 100vw, 338px\" \/>\n\t\t\t<\/dt><\/dl><dl class='gallery-item'>\n\t\t\t<dt class='gallery-icon portrait'>\n\t\t\t\t<img loading=\"lazy\" decoding=\"async\" width=\"338\" height=\"450\" src=\"https:\/\/manpowerassistance.ro\/wp-content\/uploads\/2024\/06\/13.png\" class=\"attachment-full size-full\" alt=\"\" srcset=\"https:\/\/manpowerassistance.ro\/wp-content\/uploads\/2024\/06\/13.png 338w, https:\/\/manpowerassistance.ro\/wp-content\/uploads\/2024\/06\/13-225x300.png 225w\" sizes=\"(max-width: 338px) 100vw, 338px\" \/>\n\t\t\t<\/dt><\/dl><br style=\"clear: both\" \/><dl class='gallery-item'>\n\t\t\t<dt class='gallery-icon portrait'>\n\t\t\t\t<img loading=\"lazy\" decoding=\"async\" width=\"338\" height=\"450\" src=\"https:\/\/manpowerassistance.ro\/wp-content\/uploads\/2024\/06\/12.png\" class=\"attachment-full size-full\" alt=\"\" srcset=\"https:\/\/manpowerassistance.ro\/wp-content\/uploads\/2024\/06\/12.png 338w, https:\/\/manpowerassistance.ro\/wp-content\/uploads\/2024\/06\/12-225x300.png 225w\" sizes=\"(max-width: 338px) 100vw, 338px\" \/>\n\t\t\t<\/dt><\/dl><dl class='gallery-item'>\n\t\t\t<dt class='gallery-icon landscape'>\n\t\t\t\t<img loading=\"lazy\" decoding=\"async\" width=\"450\" height=\"338\" src=\"https:\/\/manpowerassistance.ro\/wp-content\/uploads\/2024\/06\/11.png\" class=\"attachment-full size-full\" alt=\"\" srcset=\"https:\/\/manpowerassistance.ro\/wp-content\/uploads\/2024\/06\/11.png 450w, https:\/\/manpowerassistance.ro\/wp-content\/uploads\/2024\/06\/11-300x225.png 300w\" sizes=\"(max-width: 450px) 100vw, 450px\" \/>\n\t\t\t<\/dt><\/dl><dl class='gallery-item'>\n\t\t\t<dt class='gallery-icon portrait'>\n\t\t\t\t<img loading=\"lazy\" decoding=\"async\" width=\"338\" height=\"450\" src=\"https:\/\/manpowerassistance.ro\/wp-content\/uploads\/2024\/06\/10.png\" class=\"attachment-full size-full\" alt=\"\" srcset=\"https:\/\/manpowerassistance.ro\/wp-content\/uploads\/2024\/06\/10.png 338w, https:\/\/manpowerassistance.ro\/wp-content\/uploads\/2024\/06\/10-225x300.png 225w\" sizes=\"(max-width: 338px) 100vw, 338px\" \/>\n\t\t\t<\/dt><\/dl><br style=\"clear: both\" \/><dl class='gallery-item'>\n\t\t\t<dt class='gallery-icon portrait'>\n\t\t\t\t<img loading=\"lazy\" decoding=\"async\" width=\"338\" height=\"450\" src=\"https:\/\/manpowerassistance.ro\/wp-content\/uploads\/2024\/06\/9.png\" class=\"attachment-full size-full\" alt=\"\" srcset=\"https:\/\/manpowerassistance.ro\/wp-content\/uploads\/2024\/06\/9.png 338w, https:\/\/manpowerassistance.ro\/wp-content\/uploads\/2024\/06\/9-225x300.png 225w\" sizes=\"(max-width: 338px) 100vw, 338px\" \/>\n\t\t\t<\/dt><\/dl><dl class='gallery-item'>\n\t\t\t<dt class='gallery-icon landscape'>\n\t\t\t\t<img loading=\"lazy\" decoding=\"async\" width=\"450\" height=\"338\" src=\"https:\/\/manpowerassistance.ro\/wp-content\/uploads\/2024\/06\/8.png\" class=\"attachment-full size-full\" alt=\"\" srcset=\"https:\/\/manpowerassistance.ro\/wp-content\/uploads\/2024\/06\/8.png 450w, https:\/\/manpowerassistance.ro\/wp-content\/uploads\/2024\/06\/8-300x225.png 300w\" sizes=\"(max-width: 450px) 100vw, 450px\" \/>\n\t\t\t<\/dt><\/dl><dl class='gallery-item'>\n\t\t\t<dt class='gallery-icon landscape'>\n\t\t\t\t<img loading=\"lazy\" decoding=\"async\" width=\"450\" height=\"338\" src=\"https:\/\/manpowerassistance.ro\/wp-content\/uploads\/2024\/06\/7.png\" class=\"attachment-full size-full\" alt=\"\" srcset=\"https:\/\/manpowerassistance.ro\/wp-content\/uploads\/2024\/06\/7.png 450w, https:\/\/manpowerassistance.ro\/wp-content\/uploads\/2024\/06\/7-300x225.png 300w\" sizes=\"(max-width: 450px) 100vw, 450px\" \/>\n\t\t\t<\/dt><\/dl><br style=\"clear: both\" \/><dl class='gallery-item'>\n\t\t\t<dt class='gallery-icon portrait'>\n\t\t\t\t<img loading=\"lazy\" decoding=\"async\" width=\"315\" height=\"700\" src=\"https:\/\/manpowerassistance.ro\/wp-content\/uploads\/2024\/06\/6.png\" class=\"attachment-full size-full\" alt=\"\" srcset=\"https:\/\/manpowerassistance.ro\/wp-content\/uploads\/2024\/06\/6.png 315w, https:\/\/manpowerassistance.ro\/wp-content\/uploads\/2024\/06\/6-135x300.png 135w\" sizes=\"(max-width: 315px) 100vw, 315px\" \/>\n\t\t\t<\/dt><\/dl><dl class='gallery-item'>\n\t\t\t<dt class='gallery-icon portrait'>\n\t\t\t\t<img loading=\"lazy\" decoding=\"async\" width=\"315\" height=\"700\" src=\"https:\/\/manpowerassistance.ro\/wp-content\/uploads\/2024\/06\/5.png\" class=\"attachment-full size-full\" alt=\"\" srcset=\"https:\/\/manpowerassistance.ro\/wp-content\/uploads\/2024\/06\/5.png 315w, https:\/\/manpowerassistance.ro\/wp-content\/uploads\/2024\/06\/5-135x300.png 135w\" sizes=\"(max-width: 315px) 100vw, 315px\" \/>\n\t\t\t<\/dt><\/dl><dl class='gallery-item'>\n\t\t\t<dt class='gallery-icon portrait'>\n\t\t\t\t<img loading=\"lazy\" decoding=\"async\" width=\"315\" height=\"700\" src=\"https:\/\/manpowerassistance.ro\/wp-content\/uploads\/2024\/06\/4.png\" class=\"attachment-full size-full\" alt=\"\" srcset=\"https:\/\/manpowerassistance.ro\/wp-content\/uploads\/2024\/06\/4.png 315w, https:\/\/manpowerassistance.ro\/wp-content\/uploads\/2024\/06\/4-135x300.png 135w\" sizes=\"(max-width: 315px) 100vw, 315px\" \/>\n\t\t\t<\/dt><\/dl><br style=\"clear: both\" \/><dl class='gallery-item'>\n\t\t\t<dt class='gallery-icon portrait'>\n\t\t\t\t<img loading=\"lazy\" decoding=\"async\" width=\"315\" height=\"700\" src=\"https:\/\/manpowerassistance.ro\/wp-content\/uploads\/2024\/06\/3.png\" class=\"attachment-full size-full\" alt=\"\" srcset=\"https:\/\/manpowerassistance.ro\/wp-content\/uploads\/2024\/06\/3.png 315w, https:\/\/manpowerassistance.ro\/wp-content\/uploads\/2024\/06\/3-135x300.png 135w\" sizes=\"(max-width: 315px) 100vw, 315px\" \/>\n\t\t\t<\/dt><\/dl><dl class='gallery-item'>\n\t\t\t<dt class='gallery-icon portrait'>\n\t\t\t\t<img loading=\"lazy\" decoding=\"async\" width=\"315\" height=\"700\" src=\"https:\/\/manpowerassistance.ro\/wp-content\/uploads\/2024\/06\/2.png\" class=\"attachment-full size-full\" alt=\"\" srcset=\"https:\/\/manpowerassistance.ro\/wp-content\/uploads\/2024\/06\/2.png 315w, https:\/\/manpowerassistance.ro\/wp-content\/uploads\/2024\/06\/2-135x300.png 135w\" sizes=\"(max-width: 315px) 100vw, 315px\" \/>\n\t\t\t<\/dt><\/dl><dl class='gallery-item'>\n\t\t\t<dt class='gallery-icon portrait'>\n\t\t\t\t<img loading=\"lazy\" decoding=\"async\" width=\"315\" height=\"700\" src=\"https:\/\/manpowerassistance.ro\/wp-content\/uploads\/2024\/06\/1.png\" class=\"attachment-full size-full\" alt=\"\" srcset=\"https:\/\/manpowerassistance.ro\/wp-content\/uploads\/2024\/06\/1.png 315w, https:\/\/manpowerassistance.ro\/wp-content\/uploads\/2024\/06\/1-135x300.png 135w\" sizes=\"(max-width: 315px) 100vw, 315px\" \/>\n\t\t\t<\/dt><\/dl><br style=\"clear: both\" \/>\n\t\t<\/div>\n\t\t<\/div>\n\t\t\t\t<\/div>\n\t\t\t\t<\/div>\n\t\t\t\t<\/div>\n\t\t\t\t<\/div>\n\t\t","protected":false},"excerpt":{"rendered":"<p>Calitate, Eficien\u021b\u0103, Siguran\u021b\u0103! Infiintata in anul 2020, societatea Man Power Assistance a reusit sa isi construiasca un renume in sectorul de servicii industriale al economiei romanesti si nu numai, datorita increderii si profesionalismului intregii echipe, in abordarea si desfasurarea proiectelor. De-a lungul timpului, am desfasurat activitati in Germania, Finlanda, Polonia, Elvetia, Danemarca, Suedia, avand astfel [&hellip;]<\/p>\n","protected":false},"author":1,"featured_media":0,"parent":0,"menu_order":0,"comment_status":"closed","ping_status":"closed","template":"","meta":{"pagelayer_contact_templates":[],"_pagelayer_content":"","footnotes":""},"class_list":["post-88","page","type-page","status-publish","hentry"],"_links":{"self":[{"href":"https:\/\/manpowerassistance.ro\/index.php\/wp-json\/wp\/v2\/pages\/88","targetHints":{"allow":["GET"]}}],"collection":[{"href":"https:\/\/manpowerassistance.ro\/index.php\/wp-json\/wp\/v2\/pages"}],"about":[{"href":"https:\/\/manpowerassistance.ro\/index.php\/wp-json\/wp\/v2\/types\/page"}],"author":[{"embeddable":true,"href":"https:\/\/manpowerassistance.ro\/index.php\/wp-json\/wp\/v2\/users\/1"}],"replies":[{"embeddable":true,"href":"https:\/\/manpowerassistance.ro\/index.php\/wp-json\/wp\/v2\/comments?post=88"}],"version-history":[{"count":26,"href":"https:\/\/manpowerassistance.ro\/index.php\/wp-json\/wp\/v2\/pages\/88\/revisions"}],"predecessor-version":[{"id":299,"href":"https:\/\/manpowerassistance.ro\/index.php\/wp-json\/wp\/v2\/pages\/88\/revisions\/299"}],"wp:attachment":[{"href":"https:\/\/manpowerassistance.ro\/index.php\/wp-json\/wp\/v2\/media?parent=88"}],"curies":[{"name":"wp","href":"https:\/\/api.w.org\/{rel}","templated":true}]}}